{"id":882,"date":"2021-10-08T08:04:59","date_gmt":"2021-10-08T06:04:59","guid":{"rendered":"http:\/\/yoga-goerlitz.de\/?page_id=882"},"modified":"2025-01-12T22:27:19","modified_gmt":"2025-01-12T20:27:19","slug":"einzelanwendungen","status":"publish","type":"page","link":"http:\/\/yoga-goerlitz.de\/?page_id=882","title":{"rendered":"Bewusst Sein werden"},"content":{"rendered":"\n<p>Wir gehen gemeinsam auf eine Reise. <\/p>\n\n\n\n<p>Bei jeder Station, jedem Treffen, l\u00e4sst du Gep\u00e4ck zur\u00fcck, <\/p>\n\n\n\n<p>so dass du mehr und mehr bei dir ankommst.<\/p>\n\n\n\n<p>Ich begleite dich mit meiner Intuition auf deinem Weg<\/p>\n\n\n\n<p>und setze dabei unterschiedliche Methoden ein,<\/p>\n\n\n\n<p>z. B. Techniken aus der Energie Medizin wie die ChakraReinigung und <\/p>\n\n\n\n<p> Energetisieren, das L\u00f6sen von Stress, Blockaden und eingeschlossenen Emotionen,<\/p>\n\n\n\n<p> das Umprogrammieren von Glaubenss\u00e4tzen, Atem\u00fcbungen, Gongs und Kl\u00e4nge. <\/p>\n","protected":false},"excerpt":{"rendered":"<p>Wir gehen gemeinsam auf eine Reise. Bei jeder Station, jedem Treffen, l\u00e4sst du Gep\u00e4ck zur\u00fcck, so dass du mehr und mehr bei dir ankommst. Ich begleite dich mit meiner Intuition auf deinem Weg und setze dabei unterschiedliche Methoden ein, z. &hellip; <a href=\"http:\/\/yoga-goerlitz.de\/?page_id=882\">Weiterlesen <span class=\"meta-nav\">&rarr;<\/span><\/a><\/p>\n","protected":false},"author":1,"featured_media":0,"parent":0,"menu_order":0,"comment_status":"closed","ping_status":"closed","template":"","meta":[],"_links":{"self":[{"href":"http:\/\/yoga-goerlitz.de\/index.php?rest_route=\/wp\/v2\/pages\/882"}],"collection":[{"href":"http:\/\/yoga-goerlitz.de\/index.php?rest_route=\/wp\/v2\/pages"}],"about":[{"href":"http:\/\/yoga-goerlitz.de\/index.php?rest_route=\/wp\/v2\/types\/page"}],"author":[{"embeddable":true,"href":"http:\/\/yoga-goerlitz.de\/index.php?rest_route=\/wp\/v2\/users\/1"}],"replies":[{"embeddable":true,"href":"http:\/\/yoga-goerlitz.de\/index.php?rest_route=%2Fwp%2Fv2%2Fcomments&post=882"}],"version-history":[{"count":11,"href":"http:\/\/yoga-goerlitz.de\/index.php?rest_route=\/wp\/v2\/pages\/882\/revisions"}],"predecessor-version":[{"id":1178,"href":"http:\/\/yoga-goerlitz.de\/index.php?rest_route=\/wp\/v2\/pages\/882\/revisions\/1178"}],"wp:attachment":[{"href":"http:\/\/yoga-goerlitz.de\/index.php?rest_route=%2Fwp%2Fv2%2Fmedia&parent=882"}],"curies":[{"name":"wp","href":"https:\/\/api.w.org\/{rel}","templated":true}]}}