{"id":851,"date":"2021-10-06T08:31:46","date_gmt":"2021-10-06T06:31:46","guid":{"rendered":"http:\/\/yoga-goerlitz.de\/?page_id=851"},"modified":"2023-05-21T22:23:36","modified_gmt":"2023-05-21T20:23:36","slug":"all-night-gong-puja","status":"publish","type":"page","link":"http:\/\/yoga-goerlitz.de\/?page_id=851","title":{"rendered":"All Night Gong Puja"},"content":{"rendered":"\n<p>Gong Puja<strong> <\/strong>ist eine n\u00e4chtliche Klangzeremonie der Regeneration, der Reinigung, der Harmonisierung und der Erneuerung.<\/p>\n\n\n\n<p>Die Gong Puja ist ein au\u00dfergew\u00f6hnliches Klangerlebnis, initiiert von Gro\u00df-Gong-Meister Don Conreaux, der ein Sch\u00fcler von Yogi Bhajan war.<\/p>\n\n\n\n<p>Ab 20.30 Uhr k\u00f6nnen die Schlafpl\u00e4tze eingerichtet werden. Gegen 21.30 Uhr stimmen wir uns gemeinsam auf diese grenzenlose und magische Reise ein, zum Beispiel durch gemeinsames Singen oder Meditieren und das Formulieren einer Absicht, die jeder pers\u00f6nlich mit dieser speziellen Nacht verbindet.<\/p>\n\n\n\n<p>Von 22.30 Uhr bis morgens um 6 Uhr, also 7,5 Stunden begleiten dich sanfte, sph\u00e4rische Kl\u00e4nge mehrerer Gongs und anderer Klang-Instrumente. Sie wirken reinigend, regenerierend und aktivieren die Selbstheilungskr\u00e4fte auf tiefster Zellebene, auch w\u00e4hrend du schl\u00e4fst oder meditierst. Es entsteht ein Klangfeld der Tiefenentspannung, in dem sich Zeit und Raum f\u00fcr eine tiefe Selbsterfahrung \u00f6ffnen k\u00f6nnen und heilsame Energien sich ausbreiten.<\/p>\n\n\n\n<p>Am n\u00e4chsten Morgen lassen wir die gemeinsame Zeit mit einem kleinen Fr\u00fchst\u00fcck ausklingen.<\/p>\n\n\n\n<p>F\u00fcr unser gemeinsames Fr\u00fchst\u00fcck bringt bitte jeder etwas Leckeres f\u00fcr das Buffet mit.<\/p>\n\n\n\n<p>Mitzubringen sind: bequeme Unterlage, dicke Socken, Decke oder Schlafsack, Kissen, Flasche Wasser \u2026<\/p>\n\n\n\n<p>Zur Vorbereitung ist es empfehlenswert, gen\u00fcgend Wasser zu trinken. Dies unterst\u00fctzt die Zellschwingung und l\u00e4sst die Klangwellen im K\u00f6rper harmonisierend integrieren.<\/p>\n\n\n\n<p><strong>n\u00e4chste  ALL NIGHT PUJA<\/strong>:<\/p>\n\n\n\n<p><strong>18.11. zum 19.11.2023\u00a0  20.30 \u2013  gegen 8.00 Uhr<\/strong><\/p>\n\n\n\n<p>Anmeldung und Vorauskasse 95\u20ac<\/p>\n","protected":false},"excerpt":{"rendered":"<p>Gong Puja ist eine n\u00e4chtliche Klangzeremonie der Regeneration, der Reinigung, der Harmonisierung und der Erneuerung. Die Gong Puja ist ein au\u00dfergew\u00f6hnliches Klangerlebnis, initiiert von Gro\u00df-Gong-Meister Don Conreaux, der ein Sch\u00fcler von Yogi Bhajan war. Ab 20.30 Uhr k\u00f6nnen die Schlafpl\u00e4tze &hellip; <a href=\"http:\/\/yoga-goerlitz.de\/?page_id=851\">Weiterlesen <span class=\"meta-nav\">&rarr;<\/span><\/a><\/p>\n","protected":false},"author":1,"featured_media":0,"parent":692,"menu_order":3,"comment_status":"closed","ping_status":"closed","template":"","meta":[],"_links":{"self":[{"href":"http:\/\/yoga-goerlitz.de\/index.php?rest_route=\/wp\/v2\/pages\/851"}],"collection":[{"href":"http:\/\/yoga-goerlitz.de\/index.php?rest_route=\/wp\/v2\/pages"}],"about":[{"href":"http:\/\/yoga-goerlitz.de\/index.php?rest_route=\/wp\/v2\/types\/page"}],"author":[{"embeddable":true,"href":"http:\/\/yoga-goerlitz.de\/index.php?rest_route=\/wp\/v2\/users\/1"}],"replies":[{"embeddable":true,"href":"http:\/\/yoga-goerlitz.de\/index.php?rest_route=%2Fwp%2Fv2%2Fcomments&post=851"}],"version-history":[{"count":13,"href":"http:\/\/yoga-goerlitz.de\/index.php?rest_route=\/wp\/v2\/pages\/851\/revisions"}],"predecessor-version":[{"id":1103,"href":"http:\/\/yoga-goerlitz.de\/index.php?rest_route=\/wp\/v2\/pages\/851\/revisions\/1103"}],"up":[{"embeddable":true,"href":"http:\/\/yoga-goerlitz.de\/index.php?rest_route=\/wp\/v2\/pages\/692"}],"wp:attachment":[{"href":"http:\/\/yoga-goerlitz.de\/index.php?rest_route=%2Fwp%2Fv2%2Fmedia&parent=851"}],"curies":[{"name":"wp","href":"https:\/\/api.w.org\/{rel}","templated":true}]}}