{"id":847,"date":"2021-10-06T08:26:55","date_gmt":"2021-10-06T06:26:55","guid":{"rendered":"http:\/\/yoga-goerlitz.de\/?page_id=847"},"modified":"2021-10-07T07:57:53","modified_gmt":"2021-10-07T05:57:53","slug":"gong-einzelsession","status":"publish","type":"page","link":"http:\/\/yoga-goerlitz.de\/?page_id=847","title":{"rendered":"Gong Einzelsession"},"content":{"rendered":"\n<p>Ich spiele nur f\u00fcr Dich!&nbsp;<\/p>\n\n\n\n<p>Die Begegnung mit dem Gong ist eine tiefe Erfahrung&nbsp;mit dir, denn er f\u00fchrt dich in dein Inneres und verbindet dich mit dir.<br>Entspannung, Blockaden l\u00f6sen,&nbsp;Zellregeneration, Transformation, Selbstheilung auf allen Ebenen, St\u00e4rkung von Wohlbefinden und&nbsp;Gesundheit.<br>Die Session beinhaltet ein kurzes Vor- und Nachgespr\u00e4ch, indem auch ein konkretes Anliegen definiert werden kann, Klang und Stille.<br>Solltest du besondere W\u00fcnsche zur Intensit\u00e4t des Gongspiels haben, werden diese ber\u00fccksichtigt.<br>Jede Gong Meditationserfahrung ist einzigartig und wird immer unterschiedlich wahrgenommen, abh\u00e4ngig von deinem Geisteszustand und der Absicht, die du dir gesetzt hast.<\/p>\n\n\n\n<p>30 Minuten &#8211;&nbsp;&nbsp; 45 \u20ac<br>60 Minuten &#8211; &nbsp;&nbsp;70 \u20ac<br>90 Minuten &#8211; &nbsp;&nbsp;90 \u20ac<\/p>\n\n\n\n<h2 class=\"wp-block-heading\">GONG SESSION f\u00fcr zwei Personen:<\/h2>\n\n\n\n<p>30 Minuten &#8211;&nbsp;&nbsp; 60 \u20ac<br>60 Minuten &#8211;&nbsp;&nbsp; 95 \u20ac<br>90 Minuten &#8211; 135 \u20ac<\/p>\n","protected":false},"excerpt":{"rendered":"<p>Ich spiele nur f\u00fcr Dich!&nbsp; Die Begegnung mit dem Gong ist eine tiefe Erfahrung&nbsp;mit dir, denn er f\u00fchrt dich in dein Inneres und verbindet dich mit dir.Entspannung, Blockaden l\u00f6sen,&nbsp;Zellregeneration, Transformation, Selbstheilung auf allen Ebenen, St\u00e4rkung von Wohlbefinden und&nbsp;Gesundheit.Die Session beinhaltet &hellip; <a href=\"http:\/\/yoga-goerlitz.de\/?page_id=847\">Weiterlesen <span class=\"meta-nav\">&rarr;<\/span><\/a><\/p>\n","protected":false},"author":1,"featured_media":0,"parent":692,"menu_order":0,"comment_status":"closed","ping_status":"closed","template":"","meta":[],"_links":{"self":[{"href":"http:\/\/yoga-goerlitz.de\/index.php?rest_route=\/wp\/v2\/pages\/847"}],"collection":[{"href":"http:\/\/yoga-goerlitz.de\/index.php?rest_route=\/wp\/v2\/pages"}],"about":[{"href":"http:\/\/yoga-goerlitz.de\/index.php?rest_route=\/wp\/v2\/types\/page"}],"author":[{"embeddable":true,"href":"http:\/\/yoga-goerlitz.de\/index.php?rest_route=\/wp\/v2\/users\/1"}],"replies":[{"embeddable":true,"href":"http:\/\/yoga-goerlitz.de\/index.php?rest_route=%2Fwp%2Fv2%2Fcomments&post=847"}],"version-history":[{"count":4,"href":"http:\/\/yoga-goerlitz.de\/index.php?rest_route=\/wp\/v2\/pages\/847\/revisions"}],"predecessor-version":[{"id":881,"href":"http:\/\/yoga-goerlitz.de\/index.php?rest_route=\/wp\/v2\/pages\/847\/revisions\/881"}],"up":[{"embeddable":true,"href":"http:\/\/yoga-goerlitz.de\/index.php?rest_route=\/wp\/v2\/pages\/692"}],"wp:attachment":[{"href":"http:\/\/yoga-goerlitz.de\/index.php?rest_route=%2Fwp%2Fv2%2Fmedia&parent=847"}],"curies":[{"name":"wp","href":"https:\/\/api.w.org\/{rel}","templated":true}]}}