{"id":692,"date":"2019-12-19T12:06:41","date_gmt":"2019-12-19T10:06:41","guid":{"rendered":"http:\/\/yoga-goerlitz.de\/?page_id=692"},"modified":"2022-11-27T23:32:50","modified_gmt":"2022-11-27T21:32:50","slug":"klangmassagen","status":"publish","type":"page","link":"http:\/\/yoga-goerlitz.de\/?page_id=692","title":{"rendered":"GONGS"},"content":{"rendered":"\n<h2 class=\"wp-block-heading\">Kosmische Kl\u00e4nge f\u00fchren dich zu dir<\/h2>\n\n\n\n<p>Der Gong ist ein kraftvolles und m\u00e4chtiges Klanginstrument und fasziniert mit der enormen Schwingungskraft und den vielen Frequenzen und T\u00f6nen.<\/p>\n\n\n\n<p>Der K\u00f6rper reagiert aufgrund seines hohen Wasseranteils schnell auf Kl\u00e4nge. Die sanften und auch&nbsp;energetischen Gongschwingungen bringen die Fl\u00fcssigkeiten und die Energie zum Flie\u00dfen und wirken auf k\u00f6rperlicher, seelischer, emotionaler und spiritueller Ebene. Die universellen Kl\u00e4nge f\u00fchren dich in deine Innenwelt. Deine Gehirnwellenfrequenz ver\u00e4ndert sich und du gelangst in einen meditativen Zustand. Es&nbsp;entsteht ein heilsamer Raum, in dem Klang und Stille tief erfahren werden k\u00f6nnen und der Abstand zwischen dir und der Welt seine Bedeutung verliert.<\/p>\n\n\n\n<p>Damit\u00a0wir die Anspannungen des Alltags schneller loslassen k\u00f6nnen, praktizieren wir zu Beginn einige leichte Dehn- und Atem\u00fcbungen.\u00a0Nach dieser Einstimmung bettest du dich bequem und \u00fcberl\u00e4sst dich den heilsamen Schwingungen der Gongs.<\/p>\n\n\n\n<p>Dabei\u00a0k\u00f6nnen sich k\u00f6rperliche und auch seelische Blockaden und Verspannungen zeigen und sanft l\u00f6sen.\u00a0Deine Selbstheilung wird aktiviert und dein Wohlbefinden und deine Gesundheit gest\u00e4rkt.\u00a0Die Kl\u00e4nge und Frequenzen gelangen bis tief in die Zellebene, wirken regenerierend und transformierend.<\/p>\n\n\n\n<p>Jede Gongreise ist eine neue Erfahrung und immer individuell.&nbsp;<\/p>\n\n\n\n<p><\/p>\n\n\n\n<p><strong>Eine GONGMEDITATION<\/strong> kann auch zu Wunschterminen und an Wunschorten stattfinden. Es ist eine einzigartige Erg\u00e4nzung zu jedem Event.<\/p>\n\n\n\n<h1 class=\"wp-block-heading\">&nbsp;<\/h1>\n\n\n\n<h1 class=\"wp-block-heading\">So wirken Kl\u00e4nge<\/h1>\n\n\n\n<p>Der Wissenschaftler Masaru Emoto hat wissenschaftliche Forschungen zur Wirkung von Informationen (Musik, Worte, Gedanken) auf Wasser durchgef\u00fchrt. Wenn Wasser mit der Information von Liebe oder Dankbarkeit aufgeladen wird entstehen&nbsp;wundersch\u00f6ne Muster&nbsp;und Zellstrukturen. Das Wasser wurde unter einem Mikroskop fotografiert und die Wirkung der&nbsp;positiven Schwingungen sichtbar gemacht. Beim Sound Healing werden Zellen in&nbsp;gesunde klare Strukturen transformiert und unterst\u00fctzen somit das Heilsein und Heilwerden.<\/p>\n\n\n\n<p>Ich spiele die Gongs mit der Intension von Dankbarkeit und Heilung.<\/p>\n\n\n\n<p>KLANG&nbsp;&nbsp; beruhigt, entspannt,&nbsp; entgiftet,&nbsp; harmonisiert, st\u00e4rkt, aktiviert, erh\u00f6ht die eigene Schwingungsfrequenz, f\u00f6rdert mehr Lebensfreude und Lebensqualit\u00e4t \u2026\u2026..<\/p>\n\n\n\n<p>An dieser Stelle ein ganz herzliches Dankesch\u00f6n f\u00fcr meine Lehrerin Kay Karl.<\/p>\n","protected":false},"excerpt":{"rendered":"<p>Kosmische Kl\u00e4nge f\u00fchren dich zu dir Der Gong ist ein kraftvolles und m\u00e4chtiges Klanginstrument und fasziniert mit der enormen Schwingungskraft und den vielen Frequenzen und T\u00f6nen. Der K\u00f6rper reagiert aufgrund seines hohen Wasseranteils schnell auf Kl\u00e4nge. Die sanften und auch&nbsp;energetischen &hellip; <a href=\"http:\/\/yoga-goerlitz.de\/?page_id=692\">Weiterlesen <span class=\"meta-nav\">&rarr;<\/span><\/a><\/p>\n","protected":false},"author":1,"featured_media":0,"parent":0,"menu_order":2,"comment_status":"closed","ping_status":"closed","template":"","meta":[],"_links":{"self":[{"href":"http:\/\/yoga-goerlitz.de\/index.php?rest_route=\/wp\/v2\/pages\/692"}],"collection":[{"href":"http:\/\/yoga-goerlitz.de\/index.php?rest_route=\/wp\/v2\/pages"}],"about":[{"href":"http:\/\/yoga-goerlitz.de\/index.php?rest_route=\/wp\/v2\/types\/page"}],"author":[{"embeddable":true,"href":"http:\/\/yoga-goerlitz.de\/index.php?rest_route=\/wp\/v2\/users\/1"}],"replies":[{"embeddable":true,"href":"http:\/\/yoga-goerlitz.de\/index.php?rest_route=%2Fwp%2Fv2%2Fcomments&post=692"}],"version-history":[{"count":13,"href":"http:\/\/yoga-goerlitz.de\/index.php?rest_route=\/wp\/v2\/pages\/692\/revisions"}],"predecessor-version":[{"id":1044,"href":"http:\/\/yoga-goerlitz.de\/index.php?rest_route=\/wp\/v2\/pages\/692\/revisions\/1044"}],"wp:attachment":[{"href":"http:\/\/yoga-goerlitz.de\/index.php?rest_route=%2Fwp%2Fv2%2Fmedia&parent=692"}],"curies":[{"name":"wp","href":"https:\/\/api.w.org\/{rel}","templated":true}]}}