{"id":276,"date":"2014-12-14T09:53:27","date_gmt":"2014-12-14T07:53:27","guid":{"rendered":"http:\/\/yoga-goerlitz.de\/?page_id=276"},"modified":"2026-03-24T16:11:22","modified_gmt":"2026-03-24T14:11:22","slug":"kurse-v2","status":"publish","type":"page","link":"http:\/\/yoga-goerlitz.de\/?page_id=276","title":{"rendered":"Kurse"},"content":{"rendered":"<table border=\"0\">\n<tbody>\n<tr>\n<td><\/td>\n<td><\/td>\n<td><\/td>\n<\/tr>\n<tr>\n<td>\n<h2><\/h2>\n<\/td>\n<td><\/td>\n<td><\/td>\n<\/tr>\n<tr>\n<td>\n<h2>Dienstag:<\/h2>\n<\/td>\n<td>08:00 &#8211; 09:30<\/p>\n<p>17:30 &#8211; 19:00<\/p>\n<p>19:30 &#8211; 21:00<\/td>\n<td>Level 2 und 3<\/p>\n<p>Level 2 und 3<\/p>\n<p>Level 2 und 3<\/td>\n<\/tr>\n<tr>\n<td><\/td>\n<td><\/td>\n<td><\/td>\n<\/tr>\n<tr>\n<td><\/td>\n<td><\/td>\n<td><\/td>\n<\/tr>\n<tr>\n<td>Level 1\u00a0 &#8211;\u00a0 Anf\u00e4ngerkurs<\/td>\n<td>Level 2\u00a0 &#8211;\u00a0 Aufbaukurs<\/td>\n<td>Level 3\u00a0 &#8211;\u00a0 Mittelstufe<\/td>\n<\/tr>\n<\/tbody>\n<\/table>\n<h1><strong>Preise :<\/strong><\/h1>\n<p><strong>1. Kennenlernangebot:\u00a0<\/strong><br \/>\nProbestunde\u00a0\u00a0\u00a0\u00a0\u00a0\u00a0\u00a0 14 \u20ac<br \/>\nEinzelstunde\u00a0\u00a0\u00a0\u00a0\u00a0\u00a0 \u00a017 \u20ac<\/p>\n<p><strong>2. 10er-Karten mit 12w\u00f6chiger G\u00fcltigkeit:\u00a0\u00a0140 \u20ac<\/strong><br \/>\nEin sp\u00e4terer R\u00fccktritt und die Auszahlung des Restbetrages ist nicht m\u00f6glich. Bei Krankheit von mind. 4 Wochen und der Vorlage eines \u00e4rztlichen Attests k\u00f6nnen 10er-Karten um diesen Zeitraum verl\u00e4ngert werden. (Das gilt nicht bei gef\u00f6rderten Kursen der KK.) Die Karte ist nicht \u00fcbertragbar. Bei\u00a0Ausfall und Ferien verl\u00e4ngert sich die G\u00fcltigkeit der Karte um diesen Zeitraum.<\/p>\n<p><strong>3. Privatstunden<\/strong>,\u00a0als individueller Einstieg, als Vertiefung der pers\u00f6nlichen Praxis\u00a0und\u00a0bei\u00a0gesundheitlichen Problemen<br \/>\n1 Person\u00a0\u00a0\u00a0\u00a0 \/\u00a0 60 min.\u00a0\u00a0\u00a0\u00a0\u00a0 60 \u20ac<br \/>\n2 Personen \/\u00a0 60 min.\u00a0\u00a0\u00a0\u00a0\u00a0 80 \u20ac<\/p>\n<p><strong>4.<\/strong> M\u00f6chten Sie\u00a0motivierte, gesunde\u00a0und entspannte Mitarbeiter\/innen, dann findet die <strong>Yogastunde<\/strong> auf Wunsch\u00a0<strong>in ihrem Unternehmen<\/strong> statt. Sprechen Sie mich an!<\/p>\n<p><strong>Bitte mitbringen<\/strong>: bequeme Kleidung, bei Bedarf (saubere, rutschfeste) Socken<br \/>\n&#8211; wenn m\u00f6glich ca. 2 Stunden vor Kursbeginn\u00a0nichts oder nur etwas leichtes\u00a0essen<br \/>\n&#8211; Versicherung liegt in der Verantwortung jedes Teilnehmers<br \/>\n&#8211; informieren Sie die Kursleitung \u00fcber Ihren Gesundheitszustand und bei Schwangerschaft<\/p>\n<p>Die Teilnahmebedingungen sind im Kursraum ausgelegt oder zu erfragen.<\/p>\n","protected":false},"excerpt":{"rendered":"<p>Dienstag: 08:00 &#8211; 09:30 17:30 &#8211; 19:00 19:30 &#8211; 21:00 Level 2 und 3 Level 2 und 3 Level 2 und 3 Level 1\u00a0 &#8211;\u00a0 Anf\u00e4ngerkurs Level 2\u00a0 &#8211;\u00a0 Aufbaukurs Level 3\u00a0 &#8211;\u00a0 Mittelstufe Preise : 1. Kennenlernangebot:\u00a0 Probestunde\u00a0\u00a0\u00a0\u00a0\u00a0\u00a0\u00a0 14 &hellip; <a href=\"http:\/\/yoga-goerlitz.de\/?page_id=276\">Weiterlesen <span class=\"meta-nav\">&rarr;<\/span><\/a><\/p>\n","protected":false},"author":1,"featured_media":0,"parent":0,"menu_order":1,"comment_status":"closed","ping_status":"closed","template":"","meta":[],"_links":{"self":[{"href":"http:\/\/yoga-goerlitz.de\/index.php?rest_route=\/wp\/v2\/pages\/276"}],"collection":[{"href":"http:\/\/yoga-goerlitz.de\/index.php?rest_route=\/wp\/v2\/pages"}],"about":[{"href":"http:\/\/yoga-goerlitz.de\/index.php?rest_route=\/wp\/v2\/types\/page"}],"author":[{"embeddable":true,"href":"http:\/\/yoga-goerlitz.de\/index.php?rest_route=\/wp\/v2\/users\/1"}],"replies":[{"embeddable":true,"href":"http:\/\/yoga-goerlitz.de\/index.php?rest_route=%2Fwp%2Fv2%2Fcomments&post=276"}],"version-history":[{"count":107,"href":"http:\/\/yoga-goerlitz.de\/index.php?rest_route=\/wp\/v2\/pages\/276\/revisions"}],"predecessor-version":[{"id":1199,"href":"http:\/\/yoga-goerlitz.de\/index.php?rest_route=\/wp\/v2\/pages\/276\/revisions\/1199"}],"wp:attachment":[{"href":"http:\/\/yoga-goerlitz.de\/index.php?rest_route=%2Fwp%2Fv2%2Fmedia&parent=276"}],"curies":[{"name":"wp","href":"https:\/\/api.w.org\/{rel}","templated":true}]}}